{"id":1252,"date":"2025-08-25T23:19:13","date_gmt":"2025-08-25T20:19:13","guid":{"rendered":"https:\/\/www.creoajans.com\/temp\/human\/?page_id=1252"},"modified":"2025-09-26T10:47:49","modified_gmt":"2025-09-26T07:47:49","slug":"referanslar","status":"publish","type":"page","link":"https:\/\/www.creoajans.com\/temp\/human\/referanslar\/","title":{"rendered":"Referanslar"},"content":{"rendered":"\t\t<div data-elementor-type=\"wp-page\" data-elementor-id=\"1252\" class=\"elementor elementor-1252\">\n\t\t\t\t<div class=\"elementor-element elementor-element-5ef7019 e-flex e-con-boxed e-con e-parent\" data-id=\"5ef7019\" data-element_type=\"container\" data-settings=\"{&quot;background_background&quot;:&quot;classic&quot;}\">\n\t\t\t\t\t<div class=\"e-con-inner\">\n\t\t\t\t<div class=\"elementor-element elementor-element-5810600 elementor-widget elementor-widget-heading\" data-id=\"5810600\" data-element_type=\"widget\" data-widget_type=\"heading.default\">\n\t\t\t\t<div class=\"elementor-widget-container\">\n\t\t\t\t\t<h1 class=\"elementor-heading-title elementor-size-default\">Referanslar<\/h1>\t\t\t\t<\/div>\n\t\t\t\t<\/div>\n\t\t\t\t<div class=\"elementor-element elementor-element-de75431 elementor-widget elementor-widget-text-editor\" data-id=\"de75431\" data-element_type=\"widget\" data-widget_type=\"text-editor.default\">\n\t\t\t\t<div class=\"elementor-widget-container\">\n\t\t\t\t\t\t\t\t\tG\u00fc\u00e7, saklanan bilgiden de\u011fil, payla\u015f\u0131lan bilgiden gelir.\t\t\t\t\t\t\t\t<\/div>\n\t\t\t\t<\/div>\n\t\t\t\t\t<\/div>\n\t\t\t\t<\/div>\n\t\t<div class=\"elementor-element elementor-element-c010220 e-flex e-con-boxed e-con e-parent\" data-id=\"c010220\" data-element_type=\"container\">\n\t\t\t\t\t<div class=\"e-con-inner\">\n\t\t\t\t<div class=\"elementor-element elementor-element-7bf61e8 gallery-spacing-custom elementor-widget elementor-widget-image-gallery\" data-id=\"7bf61e8\" data-element_type=\"widget\" data-widget_type=\"image-gallery.default\">\n\t\t\t\t<div class=\"elementor-widget-container\">\n\t\t\t\t\t\t\t<div class=\"elementor-image-gallery\">\n\t\t\t<div id='gallery-1' class='gallery galleryid-1252 gallery-columns-4 gallery-size-full'><figure class='gallery-item'>\n\t\t\t<div class='gallery-icon landscape'>\n\t\t\t\t<img decoding=\"async\" width=\"300\" height=\"79\" src=\"https:\/\/www.creoajans.com\/temp\/human\/wp-content\/uploads\/2025\/08\/cropped-ekoglobalisg-300x79-1.png\" class=\"attachment-full size-full\" alt=\"\" \/>\n\t\t\t<\/div><\/figure><figure class='gallery-item'>\n\t\t\t<div class='gallery-icon landscape'>\n\t\t\t\t<img decoding=\"async\" width=\"190\" height=\"120\" src=\"https:\/\/www.creoajans.com\/temp\/human\/wp-content\/uploads\/2025\/08\/logo-new.png\" class=\"attachment-full size-full\" alt=\"\" \/>\n\t\t\t<\/div><\/figure><figure class='gallery-item'>\n\t\t\t<div class='gallery-icon landscape'>\n\t\t\t\t<img decoding=\"async\" width=\"216\" height=\"51\" src=\"https:\/\/www.creoajans.com\/temp\/human\/wp-content\/uploads\/2025\/08\/logo_tr.png\" class=\"attachment-full size-full\" alt=\"\" \/>\n\t\t\t<\/div><\/figure><figure class='gallery-item'>\n\t\t\t<div class='gallery-icon landscape'>\n\t\t\t\t<img loading=\"lazy\" decoding=\"async\" width=\"300\" height=\"35\" src=\"https:\/\/www.creoajans.com\/temp\/human\/wp-content\/uploads\/2025\/08\/img-1-300x35-1.png\" class=\"attachment-full size-full\" alt=\"\" \/>\n\t\t\t<\/div><\/figure><figure class='gallery-item'>\n\t\t\t<div class='gallery-icon landscape'>\n\t\t\t\t<img loading=\"lazy\" decoding=\"async\" width=\"300\" height=\"115\" src=\"https:\/\/www.creoajans.com\/temp\/human\/wp-content\/uploads\/2025\/08\/img-4-300x115-1.png\" class=\"attachment-full size-full\" alt=\"\" \/>\n\t\t\t<\/div><\/figure><figure class='gallery-item'>\n\t\t\t<div class='gallery-icon landscape'>\n\t\t\t\t<img loading=\"lazy\" decoding=\"async\" width=\"300\" height=\"61\" src=\"https:\/\/www.creoajans.com\/temp\/human\/wp-content\/uploads\/2025\/08\/img-7-300x61-1.png\" class=\"attachment-full size-full\" alt=\"\" \/>\n\t\t\t<\/div><\/figure><figure class='gallery-item'>\n\t\t\t<div class='gallery-icon landscape'>\n\t\t\t\t<img loading=\"lazy\" decoding=\"async\" width=\"151\" height=\"51\" src=\"https:\/\/www.creoajans.com\/temp\/human\/wp-content\/uploads\/2025\/08\/img-25.jpg\" class=\"attachment-full size-full\" alt=\"\" \/>\n\t\t\t<\/div><\/figure><figure class='gallery-item'>\n\t\t\t<div class='gallery-icon landscape'>\n\t\t\t\t<img loading=\"lazy\" decoding=\"async\" width=\"300\" height=\"76\" src=\"https:\/\/www.creoajans.com\/temp\/human\/wp-content\/uploads\/2025\/08\/img-24.png\" class=\"attachment-full size-full\" alt=\"\" \/>\n\t\t\t<\/div><\/figure><figure class='gallery-item'>\n\t\t\t<div class='gallery-icon landscape'>\n\t\t\t\t<img loading=\"lazy\" decoding=\"async\" width=\"151\" height=\"27\" src=\"https:\/\/www.creoajans.com\/temp\/human\/wp-content\/uploads\/2025\/08\/img-22.png\" class=\"attachment-full size-full\" alt=\"\" \/>\n\t\t\t<\/div><\/figure><figure class='gallery-item'>\n\t\t\t<div class='gallery-icon landscape'>\n\t\t\t\t<img loading=\"lazy\" decoding=\"async\" width=\"229\" height=\"90\" src=\"https:\/\/www.creoajans.com\/temp\/human\/wp-content\/uploads\/2025\/08\/img-21.png\" class=\"attachment-full size-full\" alt=\"\" \/>\n\t\t\t<\/div><\/figure><figure class='gallery-item'>\n\t\t\t<div class='gallery-icon landscape'>\n\t\t\t\t<img loading=\"lazy\" decoding=\"async\" width=\"300\" height=\"158\" src=\"https:\/\/www.creoajans.com\/temp\/human\/wp-content\/uploads\/2025\/08\/img-20-300x158-1.png\" class=\"attachment-full size-full\" alt=\"\" \/>\n\t\t\t<\/div><\/figure><figure class='gallery-item'>\n\t\t\t<div class='gallery-icon landscape'>\n\t\t\t\t<img loading=\"lazy\" decoding=\"async\" width=\"300\" height=\"91\" src=\"https:\/\/www.creoajans.com\/temp\/human\/wp-content\/uploads\/2025\/08\/img-18-300x91-1.png\" class=\"attachment-full size-full\" alt=\"\" \/>\n\t\t\t<\/div><\/figure><figure class='gallery-item'>\n\t\t\t<div class='gallery-icon landscape'>\n\t\t\t\t<img loading=\"lazy\" decoding=\"async\" width=\"119\" height=\"37\" src=\"https:\/\/www.creoajans.com\/temp\/human\/wp-content\/uploads\/2025\/08\/img-19.png\" class=\"attachment-full size-full\" alt=\"\" \/>\n\t\t\t<\/div><\/figure><figure class='gallery-item'>\n\t\t\t<div class='gallery-icon landscape'>\n\t\t\t\t<img loading=\"lazy\" decoding=\"async\" width=\"300\" height=\"75\" src=\"https:\/\/www.creoajans.com\/temp\/human\/wp-content\/uploads\/2025\/08\/img-14-300x75-1.png\" class=\"attachment-full size-full\" alt=\"\" \/>\n\t\t\t<\/div><\/figure><figure class='gallery-item'>\n\t\t\t<div class='gallery-icon landscape'>\n\t\t\t\t<img loading=\"lazy\" decoding=\"async\" width=\"300\" height=\"103\" src=\"https:\/\/www.creoajans.com\/temp\/human\/wp-content\/uploads\/2025\/08\/img-17-300x103-1.png\" class=\"attachment-full size-full\" alt=\"\" \/>\n\t\t\t<\/div><\/figure><figure class='gallery-item'>\n\t\t\t<div class='gallery-icon landscape'>\n\t\t\t\t<img loading=\"lazy\" decoding=\"async\" width=\"300\" height=\"81\" src=\"https:\/\/www.creoajans.com\/temp\/human\/wp-content\/uploads\/2025\/08\/img-16-300x81-1.png\" class=\"attachment-full size-full\" alt=\"\" \/>\n\t\t\t<\/div><\/figure><figure class='gallery-item'>\n\t\t\t<div class='gallery-icon landscape'>\n\t\t\t\t<img loading=\"lazy\" decoding=\"async\" width=\"141\" height=\"38\" src=\"https:\/\/www.creoajans.com\/temp\/human\/wp-content\/uploads\/2025\/08\/img-15.png\" class=\"attachment-full size-full\" alt=\"\" \/>\n\t\t\t<\/div><\/figure><figure class='gallery-item'>\n\t\t\t<div class='gallery-icon landscape'>\n\t\t\t\t<img loading=\"lazy\" decoding=\"async\" width=\"166\" height=\"131\" src=\"https:\/\/www.creoajans.com\/temp\/human\/wp-content\/uploads\/2025\/08\/img-10.png\" class=\"attachment-full size-full\" alt=\"\" \/>\n\t\t\t<\/div><\/figure><figure class='gallery-item'>\n\t\t\t<div class='gallery-icon landscape'>\n\t\t\t\t<img loading=\"lazy\" decoding=\"async\" width=\"250\" height=\"250\" src=\"https:\/\/www.creoajans.com\/temp\/human\/wp-content\/uploads\/2025\/08\/img-11.jpg\" class=\"attachment-full size-full\" alt=\"\" srcset=\"https:\/\/www.creoajans.com\/temp\/human\/wp-content\/uploads\/2025\/08\/img-11.jpg 250w, https:\/\/www.creoajans.com\/temp\/human\/wp-content\/uploads\/2025\/08\/img-11-150x150.jpg 150w\" sizes=\"(max-width: 250px) 100vw, 250px\" \/>\n\t\t\t<\/div><\/figure><figure class='gallery-item'>\n\t\t\t<div class='gallery-icon landscape'>\n\t\t\t\t<img loading=\"lazy\" decoding=\"async\" width=\"300\" height=\"60\" src=\"https:\/\/www.creoajans.com\/temp\/human\/wp-content\/uploads\/2025\/08\/img-13-300x60-1.png\" class=\"attachment-full size-full\" alt=\"\" \/>\n\t\t\t<\/div><\/figure><figure class='gallery-item'>\n\t\t\t<div class='gallery-icon landscape'>\n\t\t\t\t<img loading=\"lazy\" decoding=\"async\" width=\"300\" height=\"163\" src=\"https:\/\/www.creoajans.com\/temp\/human\/wp-content\/uploads\/2025\/08\/img-12-300x163-1.png\" class=\"attachment-full size-full\" alt=\"\" \/>\n\t\t\t<\/div><\/figure><figure class='gallery-item'>\n\t\t\t<div class='gallery-icon landscape'>\n\t\t\t\t<img loading=\"lazy\" decoding=\"async\" width=\"240\" height=\"77\" src=\"https:\/\/www.creoajans.com\/temp\/human\/wp-content\/uploads\/2025\/08\/img-9.png\" class=\"attachment-full size-full\" alt=\"\" \/>\n\t\t\t<\/div><\/figure><figure class='gallery-item'>\n\t\t\t<div class='gallery-icon landscape'>\n\t\t\t\t<img loading=\"lazy\" decoding=\"async\" width=\"206\" height=\"153\" src=\"https:\/\/www.creoajans.com\/temp\/human\/wp-content\/uploads\/2025\/08\/img-8.png\" class=\"attachment-full size-full\" alt=\"\" \/>\n\t\t\t<\/div><\/figure><figure class='gallery-item'>\n\t\t\t<div class='gallery-icon landscape'>\n\t\t\t\t<img loading=\"lazy\" decoding=\"async\" width=\"300\" height=\"44\" src=\"https:\/\/www.creoajans.com\/temp\/human\/wp-content\/uploads\/2025\/08\/img-6-300x44-1.png\" class=\"attachment-full size-full\" alt=\"\" \/>\n\t\t\t<\/div><\/figure><figure class='gallery-item'>\n\t\t\t<div class='gallery-icon landscape'>\n\t\t\t\t<img loading=\"lazy\" decoding=\"async\" width=\"180\" height=\"100\" src=\"https:\/\/www.creoajans.com\/temp\/human\/wp-content\/uploads\/2025\/08\/img-5.png\" class=\"attachment-full size-full\" alt=\"\" \/>\n\t\t\t<\/div><\/figure><figure class='gallery-item'>\n\t\t\t<div class='gallery-icon landscape'>\n\t\t\t\t<img loading=\"lazy\" decoding=\"async\" width=\"111\" height=\"41\" src=\"https:\/\/www.creoajans.com\/temp\/human\/wp-content\/uploads\/2025\/08\/img-3.png\" class=\"attachment-full size-full\" alt=\"\" \/>\n\t\t\t<\/div><\/figure><figure class='gallery-item'>\n\t\t\t<div class='gallery-icon landscape'>\n\t\t\t\t<img loading=\"lazy\" decoding=\"async\" width=\"146\" height=\"64\" src=\"https:\/\/www.creoajans.com\/temp\/human\/wp-content\/uploads\/2025\/08\/img-2.png\" class=\"attachment-full size-full\" alt=\"\" \/>\n\t\t\t<\/div><\/figure><figure class='gallery-item'>\n\t\t\t<div class='gallery-icon landscape'>\n\t\t\t\t<img loading=\"lazy\" decoding=\"async\" width=\"119\" height=\"119\" src=\"https:\/\/www.creoajans.com\/temp\/human\/wp-content\/uploads\/2025\/08\/download-3.png\" class=\"attachment-full size-full\" alt=\"\" \/>\n\t\t\t<\/div><\/figure><figure class='gallery-item'>\n\t\t\t<div class='gallery-icon landscape'>\n\t\t\t\t<img loading=\"lazy\" decoding=\"async\" width=\"119\" height=\"37\" src=\"https:\/\/www.creoajans.com\/temp\/human\/wp-content\/uploads\/2025\/08\/download-1.png\" class=\"attachment-full size-full\" alt=\"\" \/>\n\t\t\t<\/div><\/figure><figure class='gallery-item'>\n\t\t\t<div class='gallery-icon landscape'>\n\t\t\t\t<img loading=\"lazy\" decoding=\"async\" width=\"119\" height=\"22\" src=\"https:\/\/www.creoajans.com\/temp\/human\/wp-content\/uploads\/2025\/08\/download.png\" class=\"attachment-full size-full\" alt=\"\" \/>\n\t\t\t<\/div><\/figure><figure class='gallery-item'>\n\t\t\t<div class='gallery-icon landscape'>\n\t\t\t\t<img loading=\"lazy\" decoding=\"async\" width=\"119\" height=\"30\" src=\"https:\/\/www.creoajans.com\/temp\/human\/wp-content\/uploads\/2025\/08\/download-2.png\" class=\"attachment-full size-full\" alt=\"\" \/>\n\t\t\t<\/div><\/figure><figure class='gallery-item'>\n\t\t\t<div class='gallery-icon landscape'>\n\t\t\t\t<img loading=\"lazy\" decoding=\"async\" width=\"1011\" height=\"331\" src=\"https:\/\/www.creoajans.com\/temp\/human\/wp-content\/uploads\/2025\/09\/brand-logo.png\" class=\"attachment-full size-full\" alt=\"\" srcset=\"https:\/\/www.creoajans.com\/temp\/human\/wp-content\/uploads\/2025\/09\/brand-logo.png 1011w, https:\/\/www.creoajans.com\/temp\/human\/wp-content\/uploads\/2025\/09\/brand-logo-300x98.png 300w, https:\/\/www.creoajans.com\/temp\/human\/wp-content\/uploads\/2025\/09\/brand-logo-768x251.png 768w\" sizes=\"(max-width: 1011px) 100vw, 1011px\" \/>\n\t\t\t<\/div><\/figure><figure class='gallery-item'>\n\t\t\t<div class='gallery-icon landscape'>\n\t\t\t\t<img loading=\"lazy\" decoding=\"async\" width=\"2560\" height=\"535\" src=\"https:\/\/www.creoajans.com\/temp\/human\/wp-content\/uploads\/2025\/09\/kolsan-logo-new-scaled-1.png\" class=\"attachment-full size-full\" alt=\"\" srcset=\"https:\/\/www.creoajans.com\/temp\/human\/wp-content\/uploads\/2025\/09\/kolsan-logo-new-scaled-1.png 2560w, https:\/\/www.creoajans.com\/temp\/human\/wp-content\/uploads\/2025\/09\/kolsan-logo-new-scaled-1-300x63.png 300w, https:\/\/www.creoajans.com\/temp\/human\/wp-content\/uploads\/2025\/09\/kolsan-logo-new-scaled-1-1024x214.png 1024w, https:\/\/www.creoajans.com\/temp\/human\/wp-content\/uploads\/2025\/09\/kolsan-logo-new-scaled-1-768x161.png 768w, https:\/\/www.creoajans.com\/temp\/human\/wp-content\/uploads\/2025\/09\/kolsan-logo-new-scaled-1-1536x321.png 1536w, https:\/\/www.creoajans.com\/temp\/human\/wp-content\/uploads\/2025\/09\/kolsan-logo-new-scaled-1-2048x428.png 2048w\" sizes=\"(max-width: 2560px) 100vw, 2560px\" \/>\n\t\t\t<\/div><\/figure><figure class='gallery-item'>\n\t\t\t<div class='gallery-icon landscape'>\n\t\t\t\t<img loading=\"lazy\" decoding=\"async\" width=\"320\" height=\"320\" src=\"https:\/\/www.creoajans.com\/temp\/human\/wp-content\/uploads\/2025\/09\/aso-Small.jpeg\" class=\"attachment-full size-full\" alt=\"\" srcset=\"https:\/\/www.creoajans.com\/temp\/human\/wp-content\/uploads\/2025\/09\/aso-Small.jpeg 320w, https:\/\/www.creoajans.com\/temp\/human\/wp-content\/uploads\/2025\/09\/aso-Small-300x300.jpeg 300w, https:\/\/www.creoajans.com\/temp\/human\/wp-content\/uploads\/2025\/09\/aso-Small-150x150.jpeg 150w\" sizes=\"(max-width: 320px) 100vw, 320px\" \/>\n\t\t\t<\/div><\/figure>\n\t\t<\/div>\n\t\t<\/div>\n\t\t\t\t\t\t<\/div>\n\t\t\t\t<\/div>\n\t\t\t\t\t<\/div>\n\t\t\t\t<\/div>\n\t\t\t\t<\/div>\n\t\t","protected":false},"excerpt":{"rendered":"<p>Referanslar G\u00fc\u00e7, saklanan bilgiden de\u011fil, payla\u015f\u0131lan bilgiden gelir.<\/p>\n","protected":false},"author":1,"featured_media":0,"parent":0,"menu_order":0,"comment_status":"closed","ping_status":"closed","template":"","meta":{"inline_featured_image":false,"site-sidebar-layout":"no-sidebar","site-content-layout":"","ast-site-content-layout":"full-width-container","site-content-style":"unboxed","site-sidebar-style":"unboxed","ast-global-header-display":"","ast-banner-title-visibility":"","ast-main-header-display":"","ast-hfb-above-header-display":"","ast-hfb-below-header-display":"","ast-hfb-mobile-header-display":"","site-post-title":"disabled","ast-breadcrumbs-content":"","ast-featured-img":"disabled","footer-sml-layout":"","theme-transparent-header-meta":"enabled","adv-header-id-meta":"","stick-header-meta":"","header-above-stick-meta":"","header-main-stick-meta":"","header-below-stick-meta":"","astra-migrate-meta-layouts":"default","ast-page-background-enabled":"default","ast-page-background-meta":{"desktop":{"background-color":"var(--ast-global-color-4)","background-image":"","background-repeat":"repeat","background-position":"center center","background-size":"auto","background-attachment":"scroll","background-type":"","background-media":"","overlay-type":"","overlay-color":"","overlay-opacity":"","overlay-gradient":""},"tablet":{"background-color":"","background-image":"","background-repeat":"repeat","background-position":"center center","background-size":"auto","background-attachment":"scroll","background-type":"","background-media":"","overlay-type":"","overlay-color":"","overlay-opacity":"","overlay-gradient":""},"mobile":{"background-color":"","background-image":"","background-repeat":"repeat","background-position":"center center","background-size":"auto","background-attachment":"scroll","background-type":"","background-media":"","overlay-type":"","overlay-color":"","overlay-opacity":"","overlay-gradient":""}},"ast-content-background-meta":{"desktop":{"background-color":"var(--ast-global-color-5)","background-image":"","background-repeat":"repeat","background-position":"center center","background-size":"auto","background-attachment":"scroll","background-type":"","background-media":"","overlay-type":"","overlay-color":"","overlay-opacity":"","overlay-gradient":""},"tablet":{"background-color":"var(--ast-global-color-5)","background-image":"","background-repeat":"repeat","background-position":"center center","background-size":"auto","background-attachment":"scroll","background-type":"","background-media":"","overlay-type":"","overlay-color":"","overlay-opacity":"","overlay-gradient":""},"mobile":{"background-color":"var(--ast-global-color-5)","background-image":"","background-repeat":"repeat","background-position":"center center","background-size":"auto","background-attachment":"scroll","background-type":"","background-media":"","overlay-type":"","overlay-color":"","overlay-opacity":"","overlay-gradient":""}},"footnotes":""},"class_list":["post-1252","page","type-page","status-publish","hentry"],"_links":{"self":[{"href":"https:\/\/www.creoajans.com\/temp\/human\/wp-json\/wp\/v2\/pages\/1252","targetHints":{"allow":["GET"]}}],"collection":[{"href":"https:\/\/www.creoajans.com\/temp\/human\/wp-json\/wp\/v2\/pages"}],"about":[{"href":"https:\/\/www.creoajans.com\/temp\/human\/wp-json\/wp\/v2\/types\/page"}],"author":[{"embeddable":true,"href":"https:\/\/www.creoajans.com\/temp\/human\/wp-json\/wp\/v2\/users\/1"}],"replies":[{"embeddable":true,"href":"https:\/\/www.creoajans.com\/temp\/human\/wp-json\/wp\/v2\/comments?post=1252"}],"version-history":[{"count":16,"href":"https:\/\/www.creoajans.com\/temp\/human\/wp-json\/wp\/v2\/pages\/1252\/revisions"}],"predecessor-version":[{"id":1354,"href":"https:\/\/www.creoajans.com\/temp\/human\/wp-json\/wp\/v2\/pages\/1252\/revisions\/1354"}],"wp:attachment":[{"href":"https:\/\/www.creoajans.com\/temp\/human\/wp-json\/wp\/v2\/media?parent=1252"}],"curies":[{"name":"wp","href":"https:\/\/api.w.org\/{rel}","templated":true}]}}