{"id":1138,"date":"2025-06-12T18:14:28","date_gmt":"2025-06-12T15:14:28","guid":{"rendered":"https:\/\/www.creoajans.com\/temp\/human\/?page_id=1138"},"modified":"2025-06-12T18:19:50","modified_gmt":"2025-06-12T15:19:50","slug":"makaleler","status":"publish","type":"page","link":"https:\/\/www.creoajans.com\/temp\/human\/makaleler\/","title":{"rendered":"Makaleler"},"content":{"rendered":"\t\t<div data-elementor-type=\"wp-page\" data-elementor-id=\"1138\" class=\"elementor elementor-1138\">\n\t\t\t\t<div class=\"elementor-element elementor-element-c8f2642 e-flex e-con-boxed e-con e-parent\" data-id=\"c8f2642\" data-element_type=\"container\" data-settings=\"{&quot;background_background&quot;:&quot;classic&quot;}\">\n\t\t\t\t\t<div class=\"e-con-inner\">\n\t\t\t\t<div class=\"elementor-element elementor-element-9c81f71 elementor-widget elementor-widget-heading\" data-id=\"9c81f71\" data-element_type=\"widget\" data-widget_type=\"heading.default\">\n\t\t\t\t<div class=\"elementor-widget-container\">\n\t\t\t\t\t<h1 class=\"elementor-heading-title elementor-size-default\">Makaleler<\/h1>\t\t\t\t<\/div>\n\t\t\t\t<\/div>\n\t\t\t\t<div class=\"elementor-element elementor-element-0828825 elementor-widget elementor-widget-text-editor\" data-id=\"0828825\" data-element_type=\"widget\" data-widget_type=\"text-editor.default\">\n\t\t\t\t<div class=\"elementor-widget-container\">\n\t\t\t\t\t\t\t\t\tBirbirimizden her zaman yeni \u015feyler \u00f6\u011frenebiliriz\n\t\t\t\t\t\t\t\t<\/div>\n\t\t\t\t<\/div>\n\t\t\t\t\t<\/div>\n\t\t\t\t<\/div>\n\t\t<div class=\"elementor-element elementor-element-df79077 e-flex e-con-boxed e-con e-parent\" data-id=\"df79077\" data-element_type=\"container\">\n\t\t\t\t\t<div class=\"e-con-inner\">\n\t\t\t\t<div class=\"elementor-element elementor-element-93462db elementor-widget elementor-widget-shortcode\" data-id=\"93462db\" data-element_type=\"widget\" data-widget_type=\"shortcode.default\">\n\t\t\t\t<div class=\"elementor-widget-container\">\n\t\t\t\t\t\t\t<div class=\"elementor-shortcode\">\n\n<div class=\"su-posts su-posts-default-loop \">\n\n\t\n\t\t\t\t\t\n\t\t\t\n\t\t\t<div id=\"su-post-1182\" class=\"su-post \">\n\n\t\t\t\t\n\t\t\t\t<h2 class=\"su-post-title\"><a href=\"https:\/\/www.creoajans.com\/temp\/human\/simdi-ne-olacak\/\">\u201c\u015eimdi Ne Olacak\u201d<\/a><\/h2>\n\n\t\t\t\t<div class=\"su-post-meta\">\n\t\t\t\t\tPosted: 12 Haziran 2025\t\t\t\t<\/div>\n\n\t\t\t\t<div class=\"su-post-excerpt\">\n\t\t\t\t\t<p>Covid19 ve Varolu\u015f Kayg\u0131s\u0131 Herkesin \u015fu g\u00fcnlerde kendine sordu\u011fu en s\u0131k soru belki de, karantinadan sonra ne olacak? Pandeminin h\u0131z kesti\u011fi ve normalle\u015fme s\u00fcrecinin ba\u015flad\u0131\u011f\u0131 \u015fu g\u00fcnlerde akl\u0131m\u0131z\u0131 kurcalayan en \u00f6nemli soru! Tam da kendimize bu s\u00fcre\u00e7te alan a\u00e7maya ba\u015farm\u0131\u015fken; Belki de hi\u00e7bir \u015feyin eskisi gibi olmayaca\u011f\u0131n\u0131 bilerek; sordu\u011fumuz soru \u015fu; \u201c\u015eimdi Ne Olacak\u201d. Y\u00fczy\u0131llar [&hellip;]\n\t\t\t\t<\/div>\n\n\t\t\t\t\n\t\t\t<\/div>\n\n\t\t\t\t\t\n\t\t\t\n\t\t\t<div id=\"su-post-1177\" class=\"su-post \">\n\n\t\t\t\t\n\t\t\t\t<h2 class=\"su-post-title\"><a href=\"https:\/\/www.creoajans.com\/temp\/human\/aile-sirketlerinde-covid19-etkileri\/\">Aile \u015eirketlerinde Covid19 Etkileri<\/a><\/h2>\n\n\t\t\t\t<div class=\"su-post-meta\">\n\t\t\t\t\tPosted: 12 Haziran 2025\t\t\t\t<\/div>\n\n\t\t\t\t<div class=\"su-post-excerpt\">\n\t\t\t\t\t<p>Aile \u015eirketleri, b\u00fcy\u00fcmeyi s\u00fcrd\u00fcr\u00fclebilir k\u0131lmak, uzun vadeli \u015firket olmak ve nesillere \u015firketi aktarmak i\u00e7in covid19 salg\u0131n\u0131ndan \u00f6nce kurumsalla\u015fma, kurumsal y\u00f6netim ve aile \u015firketi anayasas\u0131 h\u0131z verilmi\u015ftir. Bu \u015firketlerde bile covid19 etkileri \u00e7ok derin hissedilirken, bu d\u00f6n\u00fc\u015f\u00fcm\u00fc tamamlamam\u0131\u015f \u015firketlerde daha da derin hissedilmektedir. Ancak, Covid19 salg\u0131n\u0131 bu d\u00f6n\u00fc\u015f\u00fcm\u00fcn zorunlulu\u011funu \u00e7ok belirgin \u015fekilde anla\u015f\u0131lmas\u0131na neden olmu\u015ftur. Covid19 [&hellip;]\n\t\t\t\t<\/div>\n\n\t\t\t\t\n\t\t\t<\/div>\n\n\t\t\t\t\t\n\t\t\t\n\t\t\t<div id=\"su-post-1172\" class=\"su-post \">\n\n\t\t\t\t\n\t\t\t\t<h2 class=\"su-post-title\"><a href=\"https:\/\/www.creoajans.com\/temp\/human\/birinci-kusak-zaman-ikinci-kusak-vizyon-kaybetti-2\/\">Birinci Ku\u015fak Zaman \u0130kinci Ku\u015fak Vizyon Kaybetti<\/a><\/h2>\n\n\t\t\t\t<div class=\"su-post-meta\">\n\t\t\t\t\tPosted: 12 Haziran 2025\t\t\t\t<\/div>\n\n\t\t\t\t<div class=\"su-post-excerpt\">\n\t\t\t\t\t<p>Ekonominin can damar\u0131nda kronik problemBu yaz\u0131y\u0131 merak edip okuyan, aile \u015firketi kurmu\u015f 100 giri\u015fimciden sadece 30 tanesi yaratt\u0131\u011f\u0131 de\u011ferin \u00e7ocuklar\u0131 taraf\u0131ndan devam ettirildi\u011fini g\u00f6recek, di\u011ferleri ise yok olu\u015funu.Torunlar\u0131 taraf\u0131ndan i\u015fin devam ettirildi\u011fini g\u00f6rmek ise, sadece 3 tanesine nasip olacak dedi\u011fimizde konunun \u00fclke ekonomisiyle ne derece ba\u011flant\u0131l\u0131 oldu\u011funa dair g\u00fc\u00e7l\u00fc bir ipucu vermi\u015f oluruz.TA\u0130DER\u2019e g\u00f6re aile [&hellip;]\n\t\t\t\t<\/div>\n\n\t\t\t\t\n\t\t\t<\/div>\n\n\t\t\t\t\t\n\t\t\t\n\t\t\t<div id=\"su-post-1167\" class=\"su-post \">\n\n\t\t\t\t\n\t\t\t\t<h2 class=\"su-post-title\"><a href=\"https:\/\/www.creoajans.com\/temp\/human\/birinci-kusak-zaman-ikinci-kusak-vizyon-kaybetti\/\">Birinci Ku\u015fak Zaman \u0130kinci Ku\u015fak Vizyon Kaybetti<\/a><\/h2>\n\n\t\t\t\t<div class=\"su-post-meta\">\n\t\t\t\t\tPosted: 12 Haziran 2025\t\t\t\t<\/div>\n\n\t\t\t\t<div class=\"su-post-excerpt\">\n\t\t\t\t\t<p>Ekonominin Can damar\u0131nda Kronik Problem; Aile \u015firketleri \u00fclkemiz ekonomisinin can damar\u0131n\u0131 olu\u015fturuyor ancak bu yaz\u0131y\u0131 okuyan, aile \u015firketi kurmu\u015f 100 giri\u015fimciden sadece 30 tanesi yaratt\u0131\u011f\u0131 de\u011ferin \u00e7ocuklar\u0131 taraf\u0131ndan devam ettirildi\u011fini g\u00f6rebilecek. Torunlar\u0131 taraf\u0131ndan i\u015fin devam ettirildi\u011fini g\u00f6rmek ise, sadece 3 tanesine nasip olacak dedi\u011fimizde konunun \u00fclke ekonomisiyle ne derece ba\u011flant\u0131l\u0131 oldu\u011funu ve aile \u015firketlerinin devaml\u0131l\u0131\u011f\u0131n\u0131n [&hellip;]\n\t\t\t\t<\/div>\n\n\t\t\t\t\n\t\t\t<\/div>\n\n\t\t\t\t\t\n\t\t\t\n\t\t\t<div id=\"su-post-1149\" class=\"su-post \">\n\n\t\t\t\t\n\t\t\t\t<h2 class=\"su-post-title\"><a href=\"https:\/\/www.creoajans.com\/temp\/human\/hayatla-daralanda-varolus-uzerine\/\">Hayatla Daralanda Varolu\u015f \u00dczerine<\/a><\/h2>\n\n\t\t\t\t<div class=\"su-post-meta\">\n\t\t\t\t\tPosted: 12 Haziran 2025\t\t\t\t<\/div>\n\n\t\t\t\t<div class=\"su-post-excerpt\">\n\t\t\t\t\t<p>Covid19 karantina g\u00fcnlerinde neredeyse 1 aya yak\u0131n bir zaman i\u00e7erisinde katlanarak artan vaka say\u0131s\u0131 do\u011frultusunda al\u0131nan bu izolasyon g\u00fcnlerinde bende herkes gibi i\u015fime devam etme ger\u00e7e\u011fi ile ko\u015fullara adaptasyon s\u00fcrecimi kendimce deneyimlemekteyim. Bu makaleyi de dan\u0131\u015fan\u0131mla yapt\u0131\u011f\u0131m bir online g\u00f6r\u00fc\u015fmesinde yazmaya karar verdim. Kendisi ile bu s\u00fcreci hem profesyonel hayatta hem de ki\u015fisel anlamda nas\u0131l [&hellip;]\n\t\t\t\t<\/div>\n\n\t\t\t\t\n\t\t\t<\/div>\n\n\t\t\n\t\n<\/div>\n\n<\/div>\n\t\t\t\t\t\t<\/div>\n\t\t\t\t<\/div>\n\t\t\t\t\t<\/div>\n\t\t\t\t<\/div>\n\t\t\t\t<\/div>\n\t\t","protected":false},"excerpt":{"rendered":"<p>Makaleler Birbirimizden her zaman yeni \u015feyler \u00f6\u011frenebiliriz<\/p>\n","protected":false},"author":1,"featured_media":0,"parent":0,"menu_order":0,"comment_status":"closed","ping_status":"closed","template":"","meta":{"inline_featured_image":false,"site-sidebar-layout":"no-sidebar","site-content-layout":"","ast-site-content-layout":"full-width-container","site-content-style":"unboxed","site-sidebar-style":"unboxed","ast-global-header-display":"","ast-banner-title-visibility":"","ast-main-header-display":"","ast-hfb-above-header-display":"","ast-hfb-below-header-display":"","ast-hfb-mobile-header-display":"","site-post-title":"disabled","ast-breadcrumbs-content":"","ast-featured-img":"disabled","footer-sml-layout":"","theme-transparent-header-meta":"enabled","adv-header-id-meta":"","stick-header-meta":"","header-above-stick-meta":"","header-main-stick-meta":"","header-below-stick-meta":"","astra-migrate-meta-layouts":"default","ast-page-background-enabled":"default","ast-page-background-meta":{"desktop":{"background-color":"var(--ast-global-color-4)","background-image":"","background-repeat":"repeat","background-position":"center center","background-size":"auto","background-attachment":"scroll","background-type":"","background-media":"","overlay-type":"","overlay-color":"","overlay-opacity":"","overlay-gradient":""},"tablet":{"background-color":"","background-image":"","background-repeat":"repeat","background-position":"center center","background-size":"auto","background-attachment":"scroll","background-type":"","background-media":"","overlay-type":"","overlay-color":"","overlay-opacity":"","overlay-gradient":""},"mobile":{"background-color":"","background-image":"","background-repeat":"repeat","background-position":"center center","background-size":"auto","background-attachment":"scroll","background-type":"","background-media":"","overlay-type":"","overlay-color":"","overlay-opacity":"","overlay-gradient":""}},"ast-content-background-meta":{"desktop":{"background-color":"var(--ast-global-color-5)","background-image":"","background-repeat":"repeat","background-position":"center center","background-size":"auto","background-attachment":"scroll","background-type":"","background-media":"","overlay-type":"","overlay-color":"","overlay-opacity":"","overlay-gradient":""},"tablet":{"background-color":"var(--ast-global-color-5)","background-image":"","background-repeat":"repeat","background-position":"center center","background-size":"auto","background-attachment":"scroll","background-type":"","background-media":"","overlay-type":"","overlay-color":"","overlay-opacity":"","overlay-gradient":""},"mobile":{"background-color":"var(--ast-global-color-5)","background-image":"","background-repeat":"repeat","background-position":"center center","background-size":"auto","background-attachment":"scroll","background-type":"","background-media":"","overlay-type":"","overlay-color":"","overlay-opacity":"","overlay-gradient":""}},"footnotes":""},"class_list":["post-1138","page","type-page","status-publish","hentry"],"_links":{"self":[{"href":"https:\/\/www.creoajans.com\/temp\/human\/wp-json\/wp\/v2\/pages\/1138","targetHints":{"allow":["GET"]}}],"collection":[{"href":"https:\/\/www.creoajans.com\/temp\/human\/wp-json\/wp\/v2\/pages"}],"about":[{"href":"https:\/\/www.creoajans.com\/temp\/human\/wp-json\/wp\/v2\/types\/page"}],"author":[{"embeddable":true,"href":"https:\/\/www.creoajans.com\/temp\/human\/wp-json\/wp\/v2\/users\/1"}],"replies":[{"embeddable":true,"href":"https:\/\/www.creoajans.com\/temp\/human\/wp-json\/wp\/v2\/comments?post=1138"}],"version-history":[{"count":4,"href":"https:\/\/www.creoajans.com\/temp\/human\/wp-json\/wp\/v2\/pages\/1138\/revisions"}],"predecessor-version":[{"id":1189,"href":"https:\/\/www.creoajans.com\/temp\/human\/wp-json\/wp\/v2\/pages\/1138\/revisions\/1189"}],"wp:attachment":[{"href":"https:\/\/www.creoajans.com\/temp\/human\/wp-json\/wp\/v2\/media?parent=1138"}],"curies":[{"name":"wp","href":"https:\/\/api.w.org\/{rel}","templated":true}]}}