{"id":1115,"date":"2025-06-01T11:21:10","date_gmt":"2025-06-01T08:21:10","guid":{"rendered":"https:\/\/www.creoajans.com\/temp\/human\/?page_id=1115"},"modified":"2025-06-02T00:18:47","modified_gmt":"2025-06-01T21:18:47","slug":"kocluk","status":"publish","type":"page","link":"https:\/\/www.creoajans.com\/temp\/human\/kocluk\/","title":{"rendered":"Ko\u00e7luk"},"content":{"rendered":"\t\t<div data-elementor-type=\"wp-page\" data-elementor-id=\"1115\" class=\"elementor elementor-1115\">\n\t\t\t\t<div class=\"elementor-element elementor-element-7be1a62 e-flex e-con-boxed e-con e-parent\" data-id=\"7be1a62\" data-element_type=\"container\" data-settings=\"{&quot;background_background&quot;:&quot;classic&quot;}\">\n\t\t\t\t\t<div class=\"e-con-inner\">\n\t\t\t\t<div class=\"elementor-element elementor-element-e8fc76d elementor-widget elementor-widget-heading\" data-id=\"e8fc76d\" data-element_type=\"widget\" data-widget_type=\"heading.default\">\n\t\t\t\t<div class=\"elementor-widget-container\">\n\t\t\t\t\t<h1 class=\"elementor-heading-title elementor-size-default\">Ko\u00e7luk<\/h1>\t\t\t\t<\/div>\n\t\t\t\t<\/div>\n\t\t\t\t<div class=\"elementor-element elementor-element-1bb0b14 elementor-widget elementor-widget-text-editor\" data-id=\"1bb0b14\" data-element_type=\"widget\" data-widget_type=\"text-editor.default\">\n\t\t\t\t<div class=\"elementor-widget-container\">\n\t\t\t\t\t\t\t\t\tKo\u00e7luk, de\u011fi\u015fimin ve \u00f6\u011frenmenin evrensel dilidir.\n\t\t\t\t\t\t\t\t<\/div>\n\t\t\t\t<\/div>\n\t\t\t\t\t<\/div>\n\t\t\t\t<\/div>\n\t\t<div class=\"elementor-element elementor-element-a20c51c e-flex e-con-boxed e-con e-parent\" data-id=\"a20c51c\" data-element_type=\"container\" data-settings=\"{&quot;background_background&quot;:&quot;classic&quot;}\">\n\t\t\t\t\t<div class=\"e-con-inner\">\n\t\t\t\t<div class=\"elementor-element elementor-element-3f795e5 e-n-tabs-mobile elementor-widget elementor-widget-n-tabs\" data-id=\"3f795e5\" data-element_type=\"widget\" data-settings=\"{&quot;horizontal_scroll&quot;:&quot;disable&quot;}\" data-widget_type=\"nested-tabs.default\">\n\t\t\t\t<div class=\"elementor-widget-container\">\n\t\t\t\t\t\t\t<div class=\"e-n-tabs\" data-widget-number=\"66557413\" aria-label=\"Sekmeler. Enter ve Space ile \u00f6geleri a\u00e7abilir, Escape ile \u00f6geleri kapatabilir ve Y\u00f6n tu\u015flar\u0131 ile \u00f6geler aras\u0131nda gezinebilirsiniz.\">\n\t\t\t<div class=\"e-n-tabs-heading\" role=\"tablist\">\n\t\t\t\t\t<button id=\"e-n-tab-title-665574131\" class=\"e-n-tab-title\" aria-selected=\"true\" data-tab-index=\"1\" role=\"tab\" tabindex=\"0\" aria-controls=\"e-n-tab-content-665574131\" style=\"--n-tabs-title-order: 1;\">\n\t\t\t\t\t\t<span class=\"e-n-tab-title-text\">\n\t\t\t\tY\u00f6netim Geli\u015ftirme Ko\u00e7lu\u011fu\t\t\t<\/span>\n\t\t<\/button>\n\t\t\t\t<button id=\"e-n-tab-title-665574132\" class=\"e-n-tab-title\" aria-selected=\"false\" data-tab-index=\"2\" role=\"tab\" tabindex=\"-1\" aria-controls=\"e-n-tab-content-665574132\" style=\"--n-tabs-title-order: 2;\">\n\t\t\t\t\t\t<span class=\"e-n-tab-title-text\">\n\t\t\t\tVarolu\u015fcu Ko\u00e7luk\t\t\t<\/span>\n\t\t<\/button>\n\t\t\t\t<button id=\"e-n-tab-title-665574133\" class=\"e-n-tab-title\" aria-selected=\"false\" data-tab-index=\"3\" role=\"tab\" tabindex=\"-1\" aria-controls=\"e-n-tab-content-665574133\" style=\"--n-tabs-title-order: 3;\">\n\t\t\t\t\t\t<span class=\"e-n-tab-title-text\">\n\t\t\t\tMotivasiyon Ko\u00e7luk\t\t\t<\/span>\n\t\t<\/button>\n\t\t\t\t<button id=\"e-n-tab-title-665574134\" class=\"e-n-tab-title\" aria-selected=\"false\" data-tab-index=\"4\" role=\"tab\" tabindex=\"-1\" aria-controls=\"e-n-tab-content-665574134\" style=\"--n-tabs-title-order: 4;\">\n\t\t\t\t\t\t<span class=\"e-n-tab-title-text\">\n\t\t\t\tHitabet Ko\u00e7lu\u011fu\t\t\t<\/span>\n\t\t<\/button>\n\t\t\t\t\t<\/div>\n\t\t\t<div class=\"e-n-tabs-content\">\n\t\t\t\t<div id=\"e-n-tab-content-665574131\" role=\"tabpanel\" aria-labelledby=\"e-n-tab-title-665574131\" data-tab-index=\"1\" style=\"--n-tabs-title-order: 1;\" class=\"e-active elementor-element elementor-element-ded42e9 e-con-full e-flex e-con e-child\" data-id=\"ded42e9\" data-element_type=\"container\">\n\t\t\t\t<div class=\"elementor-element elementor-element-6c0473a elementor-widget elementor-widget-text-editor\" data-id=\"6c0473a\" data-element_type=\"widget\" data-widget_type=\"text-editor.default\">\n\t\t\t\t<div class=\"elementor-widget-container\">\n\t\t\t\t\t\t\t\t\t<p>\u201cKi\u015fisel Fark\u0131ndal\u0131\u011fa Do\u011fru Yap\u0131lan \u0130\u00e7 Yolculu\u011fudur\u201d \u0130\u00e7sel bir fark\u0131ndal\u0131k \u00e7al\u0131\u015fmas\u0131d\u0131r. \u00d6zellikle Profesyonel hayatta odaklan\u0131r. Burada ki\u015finin fark\u0131nda olmad\u0131\u011f\u0131 konular\u0131 fark\u0131na vard\u0131r\u0131larak ki\u015finin geli\u015fimin \u00f6n\u00fcndeki engellerin kald\u0131r\u0131lmas\u0131nda destek olur. Birebir yap\u0131lan ko\u00e7luk \u00e7al\u0131\u015fmas\u0131 12 seans dan olu\u015fmaktad\u0131r.<\/p>\t\t\t\t\t\t\t\t<\/div>\n\t\t\t\t<\/div>\n\t\t\t\t<div class=\"elementor-element elementor-element-f787e32 elementor-widget elementor-widget-text-editor\" data-id=\"f787e32\" data-element_type=\"widget\" data-widget_type=\"text-editor.default\">\n\t\t\t\t<div class=\"elementor-widget-container\">\n\t\t\t\t\t\t\t\t\t<iframe src=\"https:\/\/drive.google.com\/file\/d\/1HMKt2WDVibDRsyE_VOJCGjsRN7HynLUY\/preview\" width=\"960\" height=\"720\" allow=\"autoplay\"><\/iframe>\t\t\t\t\t\t\t\t<\/div>\n\t\t\t\t<\/div>\n\t\t\t\t<\/div>\n\t\t<div id=\"e-n-tab-content-665574132\" role=\"tabpanel\" aria-labelledby=\"e-n-tab-title-665574132\" data-tab-index=\"2\" style=\"--n-tabs-title-order: 2;\" class=\" elementor-element elementor-element-743e6f2 e-con-full e-flex e-con e-child\" data-id=\"743e6f2\" data-element_type=\"container\">\n\t\t\t\t<div class=\"elementor-element elementor-element-ede1362 elementor-widget elementor-widget-text-editor\" data-id=\"ede1362\" data-element_type=\"widget\" data-widget_type=\"text-editor.default\">\n\t\t\t\t<div class=\"elementor-widget-container\">\n\t\t\t\t\t\t\t\t\tVarolu\u015f\u00e7u Ko\u00e7luk yakla\u015f\u0131m\u0131 insan\u0131n varolu\u015fundan kaynaklanan kayg\u0131lara odaklanan dinamik bir yakla\u015f\u0131md\u0131r. \u0130nsan\u0131n varolu\u015funun en temeline yerle\u015fmi\u015ftir. Varolu\u015f\u00e7u Ko\u00e7luk, varolu\u015fsal kayg\u0131lar\u0131n\u0131z\u0131 gidermek i\u00e7in yollar ke\u015ffedilmesi hedefler. Bireyin varolu\u015fsal paradigmalar\u0131n\u0131, sorunlar\u0131n\u0131n \u00e7\u00f6z\u00fcm\u00fc i\u00e7in savunmalardan ve gereksiz kayg\u0131lardan s\u0131yr\u0131lmas\u0131n\u0131 ve otantik ya\u015famaya ba\u015flamas\u0131 hedeflenir. Ko\u00e7luk s\u00fcrecinde, Hayat\u0131n anlam\u0131 ne? Hayat\u0131m\u0131z\u0131n anlam\u0131 ne? Hayat\u0131m\u0131n sorumlulu\u011funu yeteri kadar al\u0131p, kendi olu\u015fturdu\u011fum bir hayat\u0131 t\u00fcm olgular\u0131 ile ya\u015fayabiliyor muyum ? Hayat\u0131m\u0131 istedi\u011fim gibi ya\u015fayabilmek i\u00e7in ne yapabilmeliyim?  Gibi sorular\u0131 varolu\u015f\u00e7u yakla\u015f\u0131m ilkeleri ile bulmaya, eyleme ge\u00e7ebilmenin veya ge\u00e7ememenin varolu\u015fsal i\u00e7 dinamiklerini anlayarak, varolu\u015fsal paradigmalar\u0131n\u0131z\u0131 bularak i\u00e7 ayd\u0131nlanman\u0131za yard\u0131mc\u0131 olur.\t\t\t\t\t\t\t\t<\/div>\n\t\t\t\t<\/div>\n\t\t\t\t<div class=\"elementor-element elementor-element-ecce216 elementor-widget elementor-widget-text-editor\" data-id=\"ecce216\" data-element_type=\"widget\" data-widget_type=\"text-editor.default\">\n\t\t\t\t<div class=\"elementor-widget-container\">\n\t\t\t\t\t\t\t\t\t<iframe src=\"https:\/\/drive.google.com\/file\/d\/114fI8s8ib_EMXkOLwrRbOzGnKKES-c-L\/preview\" width=\"960\" height=\"720\" allow=\"autoplay\"><\/iframe>\t\t\t\t\t\t\t\t<\/div>\n\t\t\t\t<\/div>\n\t\t\t\t<\/div>\n\t\t<div id=\"e-n-tab-content-665574133\" role=\"tabpanel\" aria-labelledby=\"e-n-tab-title-665574133\" data-tab-index=\"3\" style=\"--n-tabs-title-order: 3;\" class=\" elementor-element elementor-element-9673867 e-con-full e-flex e-con e-child\" data-id=\"9673867\" data-element_type=\"container\">\n\t\t\t\t<div class=\"elementor-element elementor-element-3c4afaf elementor-widget elementor-widget-text-editor\" data-id=\"3c4afaf\" data-element_type=\"widget\" data-widget_type=\"text-editor.default\">\n\t\t\t\t<div class=\"elementor-widget-container\">\n\t\t\t\t\t\t\t\t\t<p>Grup Ko\u00e7lu\u011fu, \u00f6zellikle uzun s\u00fcre ayn\u0131 hedefe kilitlenmi\u015f ve uzun s\u00fcre bu hedeflerin sorgulanmam\u0131\u015f ama bilgilerinin yenilenmesi istenen veya \u00f6\u011frenilenlerin davran\u0131\u015f bi\u00e7imi haline gelmesi istenen tak\u0131mlarda \u00e7ok yararl\u0131, hatta tek geli\u015fim arac\u0131d\u0131r. Grup Ko\u00e7lu\u011fu \u00e7al\u0131\u015fmas\u0131nda, Dan\u0131\u015fan olarak grup ya\u015fant\u0131s\u0131 i\u00e7inde yava\u015f, yava\u015f kendinizi ke\u015ffedeceksiniz ve kendinizi anlamaya ba\u015flayacaks\u0131n\u0131z. Grupta ama\u00e7lanan dan\u0131\u015fanlar\u0131n grup s\u00fcrecinde birbirlerinden etkilenerek ama\u00e7lar\u0131n\u0131 belirlemeleridir. Dan\u0131\u015fan\u0131n bilin\u00e7li bir \u015fekilde sorumluluklar\u0131n\u0131n fark\u0131na varmas\u0131 ve ya\u015fam\u0131n\u0131 anlaml\u0131 k\u0131lmas\u0131na yard\u0131m etmek \u00f6nceliklidir.<\/p>\t\t\t\t\t\t\t\t<\/div>\n\t\t\t\t<\/div>\n\t\t\t\t<div class=\"elementor-element elementor-element-b73bacc elementor-widget elementor-widget-text-editor\" data-id=\"b73bacc\" data-element_type=\"widget\" data-widget_type=\"text-editor.default\">\n\t\t\t\t<div class=\"elementor-widget-container\">\n\t\t\t\t\t\t\t\t\t<iframe src=\"https:\/\/drive.google.com\/file\/d\/174rMMnyrShLiqOof9YilOisOycgJbVzd\/preview\" width=\"960\" height=\"720\"><span data-mce-type=\"bookmark\" style=\"display: inline-block; width: 0px; overflow: hidden; line-height: 0;\" class=\"mce_SELRES_start\">\ufeff<\/span><\/iframe>\t\t\t\t\t\t\t\t<\/div>\n\t\t\t\t<\/div>\n\t\t\t\t<\/div>\n\t\t<div id=\"e-n-tab-content-665574134\" role=\"tabpanel\" aria-labelledby=\"e-n-tab-title-665574134\" data-tab-index=\"4\" style=\"--n-tabs-title-order: 4;\" class=\" elementor-element elementor-element-0e1560f e-con-full e-flex e-con e-child\" data-id=\"0e1560f\" data-element_type=\"container\">\n\t\t\t\t<div class=\"elementor-element elementor-element-b1347e2 elementor-widget elementor-widget-text-editor\" data-id=\"b1347e2\" data-element_type=\"widget\" data-widget_type=\"text-editor.default\">\n\t\t\t\t<div class=\"elementor-widget-container\">\n\t\t\t\t\t\t\t\t\tBu program, hitabet g\u00fcc\u00fcn\u00fc belirleyen ba\u015fl\u0131ca unsurlar \u00fczerine pratik kazan\u0131mlar elde ederek bu kazan\u0131mlar\u0131n al\u0131\u015fkanl\u0131\u011fa d\u00f6nmesini sa\u011flayacak yollar\u0131 aktarmak \u00fczerine tasarlanm\u0131\u015ft\u0131r. Konu\u015fma yetimizin etki yaratan bir yetene\u011fe d\u00f6n\u00fc\u015ft\u00fcrmesi m\u00fcmk\u00fcnd\u00fcr. Program Ke\u015fif, Etki Yaratma ve Teknik Bilgiler olmak \u00fczere \u00fc\u00e7 mod\u00fclden olu\u015fmakta olup, her \u00e7al\u0131\u015fmada bilgi aktar\u0131m\u0131 ile birlikte hemen hayata ge\u00e7irmesini sa\u011flayacak uygulamalar yap\u0131lacakt\u0131r. Her b\u00f6l\u00fcmdeki kazan\u0131mlar bir \u00f6ncekinin \u00fczerine eklenerek hedefe do\u011fru ilerlenecek, kendini geli\u015ftirmesine imkan yaratacak bir geli\u015fim program\u0131 sunulacakt\u0131r. Kat\u0131l\u0131mc\u0131lar\u0131n haz\u0131rl\u0131kl\u0131 ya da do\u011fa\u00e7lama yap\u0131lan topluluk \u00f6n\u00fcnde ve ki\u015filer aras\u0131 konu\u015fmalarda ak\u0131c\u0131 ve etki yaratan konu\u015fmalar yapabilme yetkinli\u011fini geli\u015ftirerek \u00e7evresinde g\u00fc\u00e7l\u00fc bir alg\u0131 yaratmas\u0131 ama\u00e7lanmaktad\u0131r.\t\t\t\t\t\t\t\t<\/div>\n\t\t\t\t<\/div>\n\t\t\t\t<div class=\"elementor-element elementor-element-df9aeaf elementor-widget elementor-widget-text-editor\" data-id=\"df9aeaf\" data-element_type=\"widget\" data-widget_type=\"text-editor.default\">\n\t\t\t\t<div class=\"elementor-widget-container\">\n\t\t\t\t\t\t\t\t\t<iframe loading=\"lazy\" src=\"https:\/\/drive.google.com\/file\/d\/1eMBulyOCE0QBSm6MvurWr1yw1fMHtbUI\/preview\" width=\"960\" height=\"720\" allow=\"autoplay\"><\/iframe>\t\t\t\t\t\t\t\t<\/div>\n\t\t\t\t<\/div>\n\t\t\t\t<\/div>\n\t\t\t\t\t<\/div>\n\t\t<\/div>\n\t\t\t\t\t\t<\/div>\n\t\t\t\t<\/div>\n\t\t\t\t\t<\/div>\n\t\t\t\t<\/div>\n\t\t\t\t<\/div>\n\t\t","protected":false},"excerpt":{"rendered":"<p>Ko\u00e7luk Ko\u00e7luk, de\u011fi\u015fimin ve \u00f6\u011frenmenin evrensel dilidir. Y\u00f6netim Geli\u015ftirme Ko\u00e7lu\u011fu Varolu\u015fcu Ko\u00e7luk Motivasiyon Ko\u00e7luk Hitabet Ko\u00e7lu\u011fu \u201cKi\u015fisel Fark\u0131ndal\u0131\u011fa Do\u011fru Yap\u0131lan \u0130\u00e7 Yolculu\u011fudur\u201d \u0130\u00e7sel bir fark\u0131ndal\u0131k \u00e7al\u0131\u015fmas\u0131d\u0131r. \u00d6zellikle Profesyonel hayatta odaklan\u0131r. Burada ki\u015finin fark\u0131nda olmad\u0131\u011f\u0131 konular\u0131 fark\u0131na vard\u0131r\u0131larak ki\u015finin geli\u015fimin \u00f6n\u00fcndeki engellerin kald\u0131r\u0131lmas\u0131nda destek olur. Birebir yap\u0131lan ko\u00e7luk \u00e7al\u0131\u015fmas\u0131 12 seans dan olu\u015fmaktad\u0131r. Varolu\u015f\u00e7u Ko\u00e7luk yakla\u015f\u0131m\u0131 [&hellip;]<\/p>\n","protected":false},"author":1,"featured_media":0,"parent":0,"menu_order":0,"comment_status":"closed","ping_status":"closed","template":"","meta":{"inline_featured_image":false,"site-sidebar-layout":"no-sidebar","site-content-layout":"","ast-site-content-layout":"full-width-container","site-content-style":"unboxed","site-sidebar-style":"unboxed","ast-global-header-display":"","ast-banner-title-visibility":"","ast-main-header-display":"","ast-hfb-above-header-display":"","ast-hfb-below-header-display":"","ast-hfb-mobile-header-display":"","site-post-title":"disabled","ast-breadcrumbs-content":"","ast-featured-img":"disabled","footer-sml-layout":"","theme-transparent-header-meta":"enabled","adv-header-id-meta":"","stick-header-meta":"","header-above-stick-meta":"","header-main-stick-meta":"","header-below-stick-meta":"","astra-migrate-meta-layouts":"default","ast-page-background-enabled":"default","ast-page-background-meta":{"desktop":{"background-color":"var(--ast-global-color-4)","background-image":"","background-repeat":"repeat","background-position":"center center","background-size":"auto","background-attachment":"scroll","background-type":"","background-media":"","overlay-type":"","overlay-color":"","overlay-opacity":"","overlay-gradient":""},"tablet":{"background-color":"","background-image":"","background-repeat":"repeat","background-position":"center center","background-size":"auto","background-attachment":"scroll","background-type":"","background-media":"","overlay-type":"","overlay-color":"","overlay-opacity":"","overlay-gradient":""},"mobile":{"background-color":"","background-image":"","background-repeat":"repeat","background-position":"center center","background-size":"auto","background-attachment":"scroll","background-type":"","background-media":"","overlay-type":"","overlay-color":"","overlay-opacity":"","overlay-gradient":""}},"ast-content-background-meta":{"desktop":{"background-color":"var(--ast-global-color-5)","background-image":"","background-repeat":"repeat","background-position":"center center","background-size":"auto","background-attachment":"scroll","background-type":"","background-media":"","overlay-type":"","overlay-color":"","overlay-opacity":"","overlay-gradient":""},"tablet":{"background-color":"var(--ast-global-color-5)","background-image":"","background-repeat":"repeat","background-position":"center center","background-size":"auto","background-attachment":"scroll","background-type":"","background-media":"","overlay-type":"","overlay-color":"","overlay-opacity":"","overlay-gradient":""},"mobile":{"background-color":"var(--ast-global-color-5)","background-image":"","background-repeat":"repeat","background-position":"center center","background-size":"auto","background-attachment":"scroll","background-type":"","background-media":"","overlay-type":"","overlay-color":"","overlay-opacity":"","overlay-gradient":""}},"footnotes":""},"class_list":["post-1115","page","type-page","status-publish","hentry"],"_links":{"self":[{"href":"https:\/\/www.creoajans.com\/temp\/human\/wp-json\/wp\/v2\/pages\/1115","targetHints":{"allow":["GET"]}}],"collection":[{"href":"https:\/\/www.creoajans.com\/temp\/human\/wp-json\/wp\/v2\/pages"}],"about":[{"href":"https:\/\/www.creoajans.com\/temp\/human\/wp-json\/wp\/v2\/types\/page"}],"author":[{"embeddable":true,"href":"https:\/\/www.creoajans.com\/temp\/human\/wp-json\/wp\/v2\/users\/1"}],"replies":[{"embeddable":true,"href":"https:\/\/www.creoajans.com\/temp\/human\/wp-json\/wp\/v2\/comments?post=1115"}],"version-history":[{"count":13,"href":"https:\/\/www.creoajans.com\/temp\/human\/wp-json\/wp\/v2\/pages\/1115\/revisions"}],"predecessor-version":[{"id":1131,"href":"https:\/\/www.creoajans.com\/temp\/human\/wp-json\/wp\/v2\/pages\/1115\/revisions\/1131"}],"wp:attachment":[{"href":"https:\/\/www.creoajans.com\/temp\/human\/wp-json\/wp\/v2\/media?parent=1115"}],"curies":[{"name":"wp","href":"https:\/\/api.w.org\/{rel}","templated":true}]}}